{"id":963,"date":"2019-03-04T12:03:43","date_gmt":"2019-03-04T12:03:43","guid":{"rendered":"https:\/\/cloudinyser.website\/?page_id=963"},"modified":"2024-01-19T08:34:10","modified_gmt":"2024-01-19T08:34:10","slug":"bel-mij-terug","status":"publish","type":"page","link":"https:\/\/cloudinyser.website\/de\/rufen-sie-mich-zuruck\/","title":{"rendered":"Rufen Sie mich zur\u00fcck"},"content":{"rendered":"<h1>Rufen Sie mich zur\u00fcck<\/h1>\n<p>Mit diesem Formular k\u00f6nnen Sie Ihre Daten f\u00fcr uns hinterlassen. Wir werden uns dann bald mit Ihnen in Verbindung setzen, um Ihre Anmeldung zu besprechen und alle Ihre Fragen zu beantworten.<\/p>\n<p role=\"status\" aria-live=\"polite\" aria-atomic=\"true\">\n<ul><\/ul>\n<form action=\"\/de\/wp-admin\/admin-ajax.php\/#wpcf7-f962-o3\" method=\"post\" aria-label=\"Kontakt-Formular\" novalidate=\"novalidate\" data-status=\"init\" data-trp-original-action=\"\/wp-admin\/admin-ajax.php#wpcf7-f962-o3\">\n<input type=\"hidden\" name=\"_wpcf7\" value=\"962\" \/><br \/>\n<input type=\"hidden\" name=\"_wpcf7_version\" value=\"5.8.6\" \/><br \/>\n<input type=\"hidden\" name=\"_wpcf7_locale\" value=\"en_US\" \/><br \/>\n<input type=\"hidden\" name=\"_wpcf7_unit_tag\" value=\"wpcf7-f962-o3\" \/><br \/>\n<input type=\"hidden\" name=\"_wpcf7_container_post\" value=\"0\" \/><br \/>\n<input type=\"hidden\" name=\"_wpcf7_posted_data_hash\" value=\"\" \/><input type=\"hidden\" name=\"trp-form-language\" value=\"de\"\/><\/p>\n<p><label> Name*<br \/>\n<input size=\"40\" aria-required=\"true\" aria-invalid=\"false\" value=\"\" type=\"text\" name=\"your-name\" \/> <\/label>\n<\/p>\n<p><label> Rufnummer*<br \/>\n<input size=\"40\" aria-required=\"true\" aria-invalid=\"false\" value=\"\" type=\"tel\" name=\"tel-161\" \/> <\/label>\n<\/p>\n<p><label> Unternehmen<br \/>\n<input size=\"40\" aria-invalid=\"false\" value=\"\" type=\"text\" name=\"your-company\" \/> <\/label>\n<\/p>\n<p><label><input type=\"checkbox\" name=\"privacyvoorwaarden\" value=\"1\" aria-invalid=\"false\" \/>Ich akzeptiere die <a href=\"https:\/\/cloudinyser.website\/de\/datenschutzbestimmungen\/\" target=\"_blank\" rel=\"noopener\">Datenschutzbestimmungen<\/a> Von N-Able.<\/label>\n<\/p>\n<p><input type=\"submit\" value=\"Rufen Sie mich zur\u00fcck\" \/>\n<\/p>\n<\/form>\n<p>\t\t\t\t\t\t\t\t\t\t\t\t\t\t\t<img fetchpriority=\"high\" decoding=\"async\" width=\"800\" height=\"534\" src=\"https:\/\/cloudinyser.website\/wp-content\/uploads\/2019\/03\/oliur-119663-unsplash.jpg\" alt=\"\" srcset=\"https:\/\/cloudinyser.website\/wp-content\/uploads\/2019\/03\/oliur-119663-unsplash.jpg 1000w, https:\/\/cloudinyser.website\/wp-content\/uploads\/2019\/03\/oliur-119663-unsplash-300x200.jpg 300w, https:\/\/cloudinyser.website\/wp-content\/uploads\/2019\/03\/oliur-119663-unsplash-768x512.jpg 768w\" sizes=\"(max-width: 800px) 100vw, 800px\" \/>\t\t\t\t\t\t\t\t\t\t\t\t\t\t\t<\/p>\n<h3>\n\t\t\t\t\t\tUNS BESUCHEN<br \/>\n\t\t\t\t<\/h3>\n<p>\n\t\t\t\t\t\tB\u00fcro und Ausbildungszentrum\t\t\t\t\t<\/p>\n<p>Samenweid 22,<br \/>\n1935 AX Egmond-Binnen,<br \/>\nNiederlande<\/p>\n<h3>\n\t\t\t\t\t\tRUFEN SIE UNS AN<br \/>\n\t\t\t\t<\/h3>\n<p>\n\t\t\t\t\t\tWir helfen Ihnen gerne weiter\n\t\t\t\t\t<\/p>\n<p><a href=\"tel:0031702210648\">+31 (0)6 23 13 07 93<\/a><\/p>\n<h3>\n\t\t\t\t\t\tEine Nachricht senden<br \/>\n\t\t\t\t<\/h3>\n<p>\n\t\t\t\t\t\tHaben Sie eine Frage?\n\t\t\t\t\t<\/p>\n<p><a href=\"mailto:info@cloudinyser.website\">info@cloudinyser.website<\/a><\/p>","protected":false},"excerpt":{"rendered":"<p>Rufen Sie mich zur\u00fcck Mit diesem Formular k\u00f6nnen Sie Ihre Daten f\u00fcr uns hinterlassen. Wir werden uns dann bald mit Ihnen in Verbindung setzen, um Ihre Anmeldung zu besprechen und alle Ihre Fragen zu beantworten. Name* Telefonnummer* Firma Ich bin mit den Datenschutzbestimmungen von N-Able einverstanden. VISIT OUR Office and Training Centre Samenweid 22, 1935 AX Egmond-Binnen, [...]<\/p>","protected":false},"author":7,"featured_media":0,"parent":0,"menu_order":0,"comment_status":"closed","ping_status":"closed","template":"","meta":{"footnotes":""},"yoast_head":"<!-- This site is optimized with the Yoast SEO plugin v21.9.1 - https:\/\/yoast.com\/wordpress\/plugins\/seo\/ -->\n<title>Bel mij voor K8s training<\/title>\n<meta name=\"description\" content=\"Bel mij voor K8s training\" \/>\n<meta name=\"robots\" content=\"index, follow, max-snippet:-1, max-image-preview:large, max-video-preview:-1\" \/>\n<link rel=\"canonical\" href=\"https:\/\/cloudinyser.website\/de\/rufen-sie-mich-zuruck\/\" \/>\n<meta property=\"og:locale\" content=\"de_DE\" \/>\n<meta property=\"og:type\" content=\"article\" \/>\n<meta property=\"og:title\" content=\"Bel mij voor K8s training\" \/>\n<meta property=\"og:description\" content=\"Bel mij voor K8s training\" \/>\n<meta property=\"og:url\" content=\"https:\/\/cloudinyser.website\/de\/rufen-sie-mich-zuruck\/\" \/>\n<meta property=\"og:site_name\" content=\"N-Able\" \/>\n<meta property=\"article:modified_time\" content=\"2024-01-19T08:34:10+00:00\" \/>\n<meta property=\"og:image\" content=\"https:\/\/cloudinyser.website\/wp-content\/uploads\/2019\/03\/oliur-119663-unsplash.jpg\" \/>\n<meta name=\"twitter:card\" content=\"summary_large_image\" \/>\n<meta name=\"twitter:label1\" content=\"Gesch\u00e4tzte Lesezeit\" \/>\n\t<meta name=\"twitter:data1\" content=\"1\u00a0Minute\" \/>\n<script type=\"application\/ld+json\" class=\"yoast-schema-graph\">{\"@context\":\"https:\/\/schema.org\",\"@graph\":[{\"@type\":\"WebPage\",\"@id\":\"https:\/\/cloudinyser.website\/bel-mij-terug\/\",\"url\":\"https:\/\/cloudinyser.website\/bel-mij-terug\/\",\"name\":\"Bel mij voor K8s training\",\"isPartOf\":{\"@id\":\"https:\/\/cloudinyser.website\/#website\"},\"datePublished\":\"2019-03-04T12:03:43+00:00\",\"dateModified\":\"2024-01-19T08:34:10+00:00\",\"description\":\"Bel mij voor K8s training\",\"breadcrumb\":{\"@id\":\"https:\/\/cloudinyser.website\/bel-mij-terug\/#breadcrumb\"},\"inLanguage\":\"de\",\"potentialAction\":[{\"@type\":\"ReadAction\",\"target\":[\"https:\/\/cloudinyser.website\/bel-mij-terug\/\"]}]},{\"@type\":\"BreadcrumbList\",\"@id\":\"https:\/\/cloudinyser.website\/bel-mij-terug\/#breadcrumb\",\"itemListElement\":[{\"@type\":\"ListItem\",\"position\":1,\"name\":\"Home\",\"item\":\"https:\/\/cloudinyser.website\/nl\/\"},{\"@type\":\"ListItem\",\"position\":2,\"name\":\"Bel mij terug\"}]},{\"@type\":\"WebSite\",\"@id\":\"https:\/\/cloudinyser.website\/#website\",\"url\":\"https:\/\/cloudinyser.website\/\",\"name\":\"N-Able Cloud Consultancy en Training\",\"description\":\"Cloud Native Consultancy &amp; Training\",\"publisher\":{\"@id\":\"https:\/\/cloudinyser.website\/#organization\"},\"potentialAction\":[{\"@type\":\"SearchAction\",\"target\":{\"@type\":\"EntryPoint\",\"urlTemplate\":\"https:\/\/cloudinyser.website\/?s={search_term_string}\"},\"query-input\":\"required name=search_term_string\"}],\"inLanguage\":\"de\"},{\"@type\":\"Organization\",\"@id\":\"https:\/\/cloudinyser.website\/#organization\",\"name\":\"N-Able Cloud Consultancy en Training\",\"url\":\"https:\/\/cloudinyser.website\/\",\"logo\":{\"@type\":\"ImageObject\",\"inLanguage\":\"de\",\"@id\":\"https:\/\/cloudinyser.website\/#\/schema\/logo\/image\/\",\"url\":\"https:\/\/cloudinyser.website\/wp-content\/uploads\/2019\/02\/N-Able-Logo-RGB.png\",\"contentUrl\":\"https:\/\/cloudinyser.website\/wp-content\/uploads\/2019\/02\/N-Able-Logo-RGB.png\",\"width\":567,\"height\":205,\"caption\":\"N-Able Cloud Consultancy en Training\"},\"image\":{\"@id\":\"https:\/\/cloudinyser.website\/#\/schema\/logo\/image\/\"},\"sameAs\":[\"https:\/\/www.linkedin.com\/company\/n-able-cloud-technology-training\/about\/\"]}]}<\/script>\n<!-- \/ Yoast SEO plugin. -->","yoast_head_json":{"title":"Bel mij voor K8s training","description":"Bel mij voor K8s training","robots":{"index":"index","follow":"follow","max-snippet":"max-snippet:-1","max-image-preview":"max-image-preview:large","max-video-preview":"max-video-preview:-1"},"canonical":"https:\/\/cloudinyser.website\/de\/rufen-sie-mich-zuruck\/","og_locale":"de_DE","og_type":"article","og_title":"Bel mij voor K8s training","og_description":"Bel mij voor K8s training","og_url":"https:\/\/cloudinyser.website\/de\/rufen-sie-mich-zuruck\/","og_site_name":"N-Able","article_modified_time":"2024-01-19T08:34:10+00:00","og_image":[{"url":"https:\/\/cloudinyser.website\/wp-content\/uploads\/2019\/03\/oliur-119663-unsplash.jpg"}],"twitter_card":"summary_large_image","twitter_misc":{"Gesch\u00e4tzte Lesezeit":"1\u00a0Minute"},"schema":{"@context":"https:\/\/schema.org","@graph":[{"@type":"WebPage","@id":"https:\/\/cloudinyser.website\/bel-mij-terug\/","url":"https:\/\/cloudinyser.website\/bel-mij-terug\/","name":"Bel mij voor K8s training","isPartOf":{"@id":"https:\/\/cloudinyser.website\/#website"},"datePublished":"2019-03-04T12:03:43+00:00","dateModified":"2024-01-19T08:34:10+00:00","description":"Bel mij voor K8s training","breadcrumb":{"@id":"https:\/\/cloudinyser.website\/bel-mij-terug\/#breadcrumb"},"inLanguage":"de","potentialAction":[{"@type":"ReadAction","target":["https:\/\/cloudinyser.website\/bel-mij-terug\/"]}]},{"@type":"BreadcrumbList","@id":"https:\/\/cloudinyser.website\/bel-mij-terug\/#breadcrumb","itemListElement":[{"@type":"ListItem","position":1,"name":"Home","item":"https:\/\/cloudinyser.website\/nl\/"},{"@type":"ListItem","position":2,"name":"Bel mij terug"}]},{"@type":"WebSite","@id":"https:\/\/cloudinyser.website\/#website","url":"https:\/\/cloudinyser.website\/","name":"N-Able Cloud Consultancy en Training","description":"Cloud Native Consultancy &amp; Training","publisher":{"@id":"https:\/\/cloudinyser.website\/#organization"},"potentialAction":[{"@type":"SearchAction","target":{"@type":"EntryPoint","urlTemplate":"https:\/\/cloudinyser.website\/?s={search_term_string}"},"query-input":"required name=search_term_string"}],"inLanguage":"de"},{"@type":"Organization","@id":"https:\/\/cloudinyser.website\/#organization","name":"N-Able Cloud Consultancy en Training","url":"https:\/\/cloudinyser.website\/","logo":{"@type":"ImageObject","inLanguage":"de","@id":"https:\/\/cloudinyser.website\/#\/schema\/logo\/image\/","url":"https:\/\/cloudinyser.website\/wp-content\/uploads\/2019\/02\/N-Able-Logo-RGB.png","contentUrl":"https:\/\/cloudinyser.website\/wp-content\/uploads\/2019\/02\/N-Able-Logo-RGB.png","width":567,"height":205,"caption":"N-Able Cloud Consultancy en Training"},"image":{"@id":"https:\/\/cloudinyser.website\/#\/schema\/logo\/image\/"},"sameAs":["https:\/\/www.linkedin.com\/company\/n-able-cloud-technology-training\/about\/"]}]}},"amp_enabled":true,"_links":{"self":[{"href":"https:\/\/cloudinyser.website\/de\/wp-json\/wp\/v2\/pages\/963"}],"collection":[{"href":"https:\/\/cloudinyser.website\/de\/wp-json\/wp\/v2\/pages"}],"about":[{"href":"https:\/\/cloudinyser.website\/de\/wp-json\/wp\/v2\/types\/page"}],"author":[{"embeddable":true,"href":"https:\/\/cloudinyser.website\/de\/wp-json\/wp\/v2\/users\/7"}],"replies":[{"embeddable":true,"href":"https:\/\/cloudinyser.website\/de\/wp-json\/wp\/v2\/comments?post=963"}],"version-history":[{"count":4,"href":"https:\/\/cloudinyser.website\/de\/wp-json\/wp\/v2\/pages\/963\/revisions"}],"predecessor-version":[{"id":2622,"href":"https:\/\/cloudinyser.website\/de\/wp-json\/wp\/v2\/pages\/963\/revisions\/2622"}],"wp:attachment":[{"href":"https:\/\/cloudinyser.website\/de\/wp-json\/wp\/v2\/media?parent=963"}],"curies":[{"name":"wp","href":"https:\/\/api.w.org\/{rel}","templated":true}]}}