{"id":963,"date":"2019-03-04T12:03:43","date_gmt":"2019-03-04T12:03:43","guid":{"rendered":"https:\/\/cloudinyser.website\/?page_id=963"},"modified":"2024-01-19T08:34:10","modified_gmt":"2024-01-19T08:34:10","slug":"bel-mij-terug","status":"publish","type":"page","link":"https:\/\/cloudinyser.website\/fr\/me-rappeler\/","title":{"rendered":"Rappelez-moi"},"content":{"rendered":"<h1>Rappelez-moi<\/h1>\n<p>Ce formulaire vous permet de nous laisser vos coordonn\u00e9es. Nous vous contacterons bient\u00f4t pour discuter de votre inscription et r\u00e9pondre \u00e0 toutes vos questions.<\/p>\n<p role=\"status\" aria-live=\"polite\" aria-atomic=\"true\">\n<ul><\/ul>\n<form action=\"\/fr\/wp-admin\/admin-ajax.php\/#wpcf7-f962-o3\" method=\"post\" aria-label=\"Formulaire de contact\" novalidate=\"novalidate\" data-status=\"init\" data-trp-original-action=\"\/wp-admin\/admin-ajax.php#wpcf7-f962-o3\">\n<input type=\"hidden\" name=\"_wpcf7\" value=\"962\" \/><br \/>\n<input type=\"hidden\" name=\"_wpcf7_version\" value=\"5.8.6\" \/><br \/>\n<input type=\"hidden\" name=\"_wpcf7_locale\" value=\"en_US\" \/><br \/>\n<input type=\"hidden\" name=\"_wpcf7_unit_tag\" value=\"wpcf7-f962-o3\" \/><br \/>\n<input type=\"hidden\" name=\"_wpcf7_container_post\" value=\"0\" \/><br \/>\n<input type=\"hidden\" name=\"_wpcf7_posted_data_hash\" value=\"\" \/><input type=\"hidden\" name=\"trp-form-language\" value=\"fr\"\/><\/p>\n<p><label> Nom*<br \/>\n<input size=\"40\" aria-required=\"true\" aria-invalid=\"false\" value=\"\" type=\"text\" name=\"your-name\" \/> <\/label>\n<\/p>\n<p><label> Num\u00e9ro de t\u00e9l\u00e9phone*<br \/>\n<input size=\"40\" aria-required=\"true\" aria-invalid=\"false\" value=\"\" type=\"tel\" name=\"tel-161\" \/> <\/label>\n<\/p>\n<p><label> Entreprise<br \/>\n<input size=\"40\" aria-invalid=\"false\" value=\"\" type=\"text\" name=\"your-company\" \/> <\/label>\n<\/p>\n<p><label><input type=\"checkbox\" name=\"privacyvoorwaarden\" value=\"1\" aria-invalid=\"false\" \/>J'accepte les <a href=\"https:\/\/cloudinyser.website\/fr\/conditions-de-protection-de-la-vie-privee\/\" target=\"_blank\" rel=\"noopener\">conditions de protection de la vie priv\u00e9e<\/a> De N-Able.<\/label>\n<\/p>\n<p><input type=\"submit\" value=\"Rappelez-moi\" \/>\n<\/p>\n<\/form>\n<p>\t\t\t\t\t\t\t\t\t\t\t\t\t\t\t<img fetchpriority=\"high\" decoding=\"async\" width=\"800\" height=\"534\" src=\"https:\/\/cloudinyser.website\/wp-content\/uploads\/2019\/03\/oliur-119663-unsplash.jpg\" alt=\"\" srcset=\"https:\/\/cloudinyser.website\/wp-content\/uploads\/2019\/03\/oliur-119663-unsplash.jpg 1000w, https:\/\/cloudinyser.website\/wp-content\/uploads\/2019\/03\/oliur-119663-unsplash-300x200.jpg 300w, https:\/\/cloudinyser.website\/wp-content\/uploads\/2019\/03\/oliur-119663-unsplash-768x512.jpg 768w\" sizes=\"(max-width: 800px) 100vw, 800px\" \/>\t\t\t\t\t\t\t\t\t\t\t\t\t\t\t<\/p>\n<h3>\n\t\t\t\t\t\tVISITEZ-NOUS<br \/>\n\t\t\t\t<\/h3>\n<p>\n\t\t\t\t\t\tBureau et centre de formation\t\t\t\t\t<\/p>\n<p>Samenweid 22,<br \/>\n1935 AX Egmond-Binnen,<br \/>\nPays-Bas<\/p>\n<h3>\n\t\t\t\t\t\tAPPELEZ-NOUS<br \/>\n\t\t\t\t<\/h3>\n<p>\n\t\t\t\t\t\tNous serons heureux de vous aider\n\t\t\t\t\t<\/p>\n<p><a href=\"tel:0031702210648\">+31 (0)6 23 13 07 93<\/a><\/p>\n<h3>\n\t\t\t\t\t\tEnvoyer un message<br \/>\n\t\t\t\t<\/h3>\n<p>\n\t\t\t\t\t\tAvez-vous une question ?\n\t\t\t\t\t<\/p>\n<p><a href=\"mailto:info@cloudinyser.website\">info@cloudinyser.website<\/a><\/p>","protected":false},"excerpt":{"rendered":"<p>Rappelez-moi Ce formulaire vous permet de nous laisser vos coordonn\u00e9es. Nous vous contacterons rapidement pour discuter de votre inscription et r\u00e9pondre \u00e0 toutes vos questions. Nom* Num\u00e9ro de t\u00e9l\u00e9phone* Soci\u00e9t\u00e9 J'accepte les conditions d'utilisation de N-Able en mati\u00e8re de protection de la vie priv\u00e9e. VISITEZ NOS BUREAUX ET NOTRE CENTRE DE FORMATION Samenweid 22, 1935 AX Egmond-Binnen, [...]<\/p>","protected":false},"author":7,"featured_media":0,"parent":0,"menu_order":0,"comment_status":"closed","ping_status":"closed","template":"","meta":{"footnotes":""},"yoast_head":"<!-- This site is optimized with the Yoast SEO plugin v21.9.1 - https:\/\/yoast.com\/wordpress\/plugins\/seo\/ -->\n<title>Bel mij voor K8s training<\/title>\n<meta name=\"description\" content=\"Bel mij voor K8s training\" \/>\n<meta name=\"robots\" content=\"index, follow, max-snippet:-1, max-image-preview:large, max-video-preview:-1\" \/>\n<link rel=\"canonical\" href=\"https:\/\/cloudinyser.website\/fr\/me-rappeler\/\" \/>\n<meta property=\"og:locale\" content=\"fr_FR\" \/>\n<meta property=\"og:type\" content=\"article\" \/>\n<meta property=\"og:title\" content=\"Bel mij voor K8s training\" \/>\n<meta property=\"og:description\" content=\"Bel mij voor K8s training\" \/>\n<meta property=\"og:url\" content=\"https:\/\/cloudinyser.website\/fr\/me-rappeler\/\" \/>\n<meta property=\"og:site_name\" content=\"N-Able\" \/>\n<meta property=\"article:modified_time\" content=\"2024-01-19T08:34:10+00:00\" \/>\n<meta property=\"og:image\" content=\"https:\/\/cloudinyser.website\/wp-content\/uploads\/2019\/03\/oliur-119663-unsplash.jpg\" \/>\n<meta name=\"twitter:card\" content=\"summary_large_image\" \/>\n<meta name=\"twitter:label1\" content=\"Dur\u00e9e de lecture estim\u00e9e\" \/>\n\t<meta name=\"twitter:data1\" content=\"1 minute\" \/>\n<script type=\"application\/ld+json\" class=\"yoast-schema-graph\">{\"@context\":\"https:\/\/schema.org\",\"@graph\":[{\"@type\":\"WebPage\",\"@id\":\"https:\/\/cloudinyser.website\/bel-mij-terug\/\",\"url\":\"https:\/\/cloudinyser.website\/bel-mij-terug\/\",\"name\":\"Bel mij voor K8s training\",\"isPartOf\":{\"@id\":\"https:\/\/cloudinyser.website\/#website\"},\"datePublished\":\"2019-03-04T12:03:43+00:00\",\"dateModified\":\"2024-01-19T08:34:10+00:00\",\"description\":\"Bel mij voor K8s training\",\"breadcrumb\":{\"@id\":\"https:\/\/cloudinyser.website\/bel-mij-terug\/#breadcrumb\"},\"inLanguage\":\"fr-FR\",\"potentialAction\":[{\"@type\":\"ReadAction\",\"target\":[\"https:\/\/cloudinyser.website\/bel-mij-terug\/\"]}]},{\"@type\":\"BreadcrumbList\",\"@id\":\"https:\/\/cloudinyser.website\/bel-mij-terug\/#breadcrumb\",\"itemListElement\":[{\"@type\":\"ListItem\",\"position\":1,\"name\":\"Home\",\"item\":\"https:\/\/cloudinyser.website\/nl\/\"},{\"@type\":\"ListItem\",\"position\":2,\"name\":\"Bel mij terug\"}]},{\"@type\":\"WebSite\",\"@id\":\"https:\/\/cloudinyser.website\/#website\",\"url\":\"https:\/\/cloudinyser.website\/\",\"name\":\"N-Able Cloud Consultancy en Training\",\"description\":\"Cloud Native Consultancy &amp; Training\",\"publisher\":{\"@id\":\"https:\/\/cloudinyser.website\/#organization\"},\"potentialAction\":[{\"@type\":\"SearchAction\",\"target\":{\"@type\":\"EntryPoint\",\"urlTemplate\":\"https:\/\/cloudinyser.website\/?s={search_term_string}\"},\"query-input\":\"required name=search_term_string\"}],\"inLanguage\":\"fr-FR\"},{\"@type\":\"Organization\",\"@id\":\"https:\/\/cloudinyser.website\/#organization\",\"name\":\"N-Able Cloud Consultancy en Training\",\"url\":\"https:\/\/cloudinyser.website\/\",\"logo\":{\"@type\":\"ImageObject\",\"inLanguage\":\"fr-FR\",\"@id\":\"https:\/\/cloudinyser.website\/#\/schema\/logo\/image\/\",\"url\":\"https:\/\/cloudinyser.website\/wp-content\/uploads\/2019\/02\/N-Able-Logo-RGB.png\",\"contentUrl\":\"https:\/\/cloudinyser.website\/wp-content\/uploads\/2019\/02\/N-Able-Logo-RGB.png\",\"width\":567,\"height\":205,\"caption\":\"N-Able Cloud Consultancy en Training\"},\"image\":{\"@id\":\"https:\/\/cloudinyser.website\/#\/schema\/logo\/image\/\"},\"sameAs\":[\"https:\/\/www.linkedin.com\/company\/n-able-cloud-technology-training\/about\/\"]}]}<\/script>\n<!-- \/ Yoast SEO plugin. -->","yoast_head_json":{"title":"Bel mij voor K8s training","description":"Bel mij voor K8s training","robots":{"index":"index","follow":"follow","max-snippet":"max-snippet:-1","max-image-preview":"max-image-preview:large","max-video-preview":"max-video-preview:-1"},"canonical":"https:\/\/cloudinyser.website\/fr\/me-rappeler\/","og_locale":"fr_FR","og_type":"article","og_title":"Bel mij voor K8s training","og_description":"Bel mij voor K8s training","og_url":"https:\/\/cloudinyser.website\/fr\/me-rappeler\/","og_site_name":"N-Able","article_modified_time":"2024-01-19T08:34:10+00:00","og_image":[{"url":"https:\/\/cloudinyser.website\/wp-content\/uploads\/2019\/03\/oliur-119663-unsplash.jpg"}],"twitter_card":"summary_large_image","twitter_misc":{"Dur\u00e9e de lecture estim\u00e9e":"1 minute"},"schema":{"@context":"https:\/\/schema.org","@graph":[{"@type":"WebPage","@id":"https:\/\/cloudinyser.website\/bel-mij-terug\/","url":"https:\/\/cloudinyser.website\/bel-mij-terug\/","name":"Bel mij voor K8s training","isPartOf":{"@id":"https:\/\/cloudinyser.website\/#website"},"datePublished":"2019-03-04T12:03:43+00:00","dateModified":"2024-01-19T08:34:10+00:00","description":"Bel mij voor K8s training","breadcrumb":{"@id":"https:\/\/cloudinyser.website\/bel-mij-terug\/#breadcrumb"},"inLanguage":"fr-FR","potentialAction":[{"@type":"ReadAction","target":["https:\/\/cloudinyser.website\/bel-mij-terug\/"]}]},{"@type":"BreadcrumbList","@id":"https:\/\/cloudinyser.website\/bel-mij-terug\/#breadcrumb","itemListElement":[{"@type":"ListItem","position":1,"name":"Home","item":"https:\/\/cloudinyser.website\/nl\/"},{"@type":"ListItem","position":2,"name":"Bel mij terug"}]},{"@type":"WebSite","@id":"https:\/\/cloudinyser.website\/#website","url":"https:\/\/cloudinyser.website\/","name":"N-Able Cloud Consultancy en Training","description":"Cloud Native Consultancy &amp; Training","publisher":{"@id":"https:\/\/cloudinyser.website\/#organization"},"potentialAction":[{"@type":"SearchAction","target":{"@type":"EntryPoint","urlTemplate":"https:\/\/cloudinyser.website\/?s={search_term_string}"},"query-input":"required name=search_term_string"}],"inLanguage":"fr-FR"},{"@type":"Organization","@id":"https:\/\/cloudinyser.website\/#organization","name":"N-Able Cloud Consultancy en Training","url":"https:\/\/cloudinyser.website\/","logo":{"@type":"ImageObject","inLanguage":"fr-FR","@id":"https:\/\/cloudinyser.website\/#\/schema\/logo\/image\/","url":"https:\/\/cloudinyser.website\/wp-content\/uploads\/2019\/02\/N-Able-Logo-RGB.png","contentUrl":"https:\/\/cloudinyser.website\/wp-content\/uploads\/2019\/02\/N-Able-Logo-RGB.png","width":567,"height":205,"caption":"N-Able Cloud Consultancy en Training"},"image":{"@id":"https:\/\/cloudinyser.website\/#\/schema\/logo\/image\/"},"sameAs":["https:\/\/www.linkedin.com\/company\/n-able-cloud-technology-training\/about\/"]}]}},"amp_enabled":true,"_links":{"self":[{"href":"https:\/\/cloudinyser.website\/fr\/wp-json\/wp\/v2\/pages\/963"}],"collection":[{"href":"https:\/\/cloudinyser.website\/fr\/wp-json\/wp\/v2\/pages"}],"about":[{"href":"https:\/\/cloudinyser.website\/fr\/wp-json\/wp\/v2\/types\/page"}],"author":[{"embeddable":true,"href":"https:\/\/cloudinyser.website\/fr\/wp-json\/wp\/v2\/users\/7"}],"replies":[{"embeddable":true,"href":"https:\/\/cloudinyser.website\/fr\/wp-json\/wp\/v2\/comments?post=963"}],"version-history":[{"count":4,"href":"https:\/\/cloudinyser.website\/fr\/wp-json\/wp\/v2\/pages\/963\/revisions"}],"predecessor-version":[{"id":2622,"href":"https:\/\/cloudinyser.website\/fr\/wp-json\/wp\/v2\/pages\/963\/revisions\/2622"}],"wp:attachment":[{"href":"https:\/\/cloudinyser.website\/fr\/wp-json\/wp\/v2\/media?parent=963"}],"curies":[{"name":"wp","href":"https:\/\/api.w.org\/{rel}","templated":true}]}}